{"id":2495,"date":"2024-08-19T11:32:53","date_gmt":"2024-08-19T09:32:53","guid":{"rendered":"https:\/\/andreas-websolutions.com\/?page_id=2495"},"modified":"2024-09-15T02:07:09","modified_gmt":"2024-09-15T00:07:09","slug":"web-losungen","status":"publish","type":"page","link":"https:\/\/andreas-websolutions.com\/de\/webes-megoldasok\/","title":{"rendered":"Web-L\u00f6sungen"},"content":{"rendered":"<div data-elementor-type=\"wp-page\" data-elementor-id=\"2495\" class=\"elementor elementor-2495\" data-elementor-post-type=\"page\">\n\t\t\t\t<div class=\"elementor-element elementor-element-41490b1 e-flex e-con-boxed e-con e-parent\" data-id=\"41490b1\" data-element_type=\"container\" data-e-type=\"container\" data-settings=\"{&quot;background_background&quot;:&quot;gradient&quot;}\">\n\t\t\t\t\t<div class=\"e-con-inner\">\n\t\t<div class=\"elementor-element elementor-element-738aa0b e-con-full e-flex e-con e-child\" data-id=\"738aa0b\" data-element_type=\"container\" data-e-type=\"container\" data-settings=\"{&quot;background_background&quot;:&quot;gradient&quot;,&quot;shape_divider_top&quot;:&quot;mountains&quot;}\">\n\t\t\t\t<div class=\"elementor-shape elementor-shape-top\" aria-hidden=\"true\" data-negative=\"false\">\n\t\t\t<svg xmlns=\"http:\/\/www.w3.org\/2000\/svg\" viewbox=\"0 0 1000 100\" preserveaspectratio=\"none\">\n\t<path class=\"elementor-shape-fill\" opacity=\"0.33\" d=\"M473,67.3c-203.9,88.3-263.1-34-320.3,0C66,119.1,0,59.7,0,59.7V0h1000v59.7 c0,0-62.1,26.1-94.9,29.3c-32.8,3.3-62.8-12.3-75.8-22.1C806,49.6,745.3,8.7,694.9,4.7S492.4,59,473,67.3z\"\/>\n\t<path class=\"elementor-shape-fill\" opacity=\"0.66\" d=\"M734,67.3c-45.5,0-77.2-23.2-129.1-39.1c-28.6-8.7-150.3-10.1-254,39.1 s-91.7-34.4-149.2,0C115.7,118.3,0,39.8,0,39.8V0h1000v36.5c0,0-28.2-18.5-92.1-18.5C810.2,18.1,775.7,67.3,734,67.3z\"\/>\n\t<path class=\"elementor-shape-fill\" d=\"M766.1,28.9c-200-57.5-266,65.5-395.1,19.5C242,1.8,242,5.4,184.8,20.6C128,35.8,132.3,44.9,89.9,52.5C28.6,63.7,0,0,0,0 h1000c0,0-9.9,40.9-83.6,48.1S829.6,47,766.1,28.9z\"\/>\n<\/svg>\t\t<\/div>\n\t\t<div class=\"elementor-element elementor-element-44e28b8 e-con-full e-flex e-con e-child\" data-id=\"44e28b8\" data-element_type=\"container\" data-e-type=\"container\">\n\t\t\t\t<div class=\"elementor-element elementor-element-c1fe6d1 elementor-widget elementor-widget-heading\" data-id=\"c1fe6d1\" data-element_type=\"widget\" data-e-type=\"widget\" data-widget_type=\"heading.default\">\n\t\t\t\t<div class=\"elementor-widget-container\">\n\t\t\t\t\t<h2 class=\"elementor-heading-title elementor-size-default\">Web-L\u00f6sungen<\/h2>\t\t\t\t<\/div>\n\t\t\t\t<\/div>\n\t\t<div class=\"elementor-element elementor-element-0831d12 e-con-full e-flex e-con e-child\" data-id=\"0831d12\" data-element_type=\"container\" data-e-type=\"container\">\n\t\t\t\t<div class=\"elementor-element elementor-element-a9a7a7f elementor-widget elementor-widget-image\" data-id=\"a9a7a7f\" data-element_type=\"widget\" data-e-type=\"widget\" data-widget_type=\"image.default\">\n\t\t\t\t<div class=\"elementor-widget-container\">\n\t\t\t\t\t\t\t\t\t\t\t\t\t\t\t<img decoding=\"async\" src=\"https:\/\/andreas-websolutions.com\/wp-content\/uploads\/2024\/08\/landing.webp\" title=\"\" alt=\"\" loading=\"lazy\" \/>\t\t\t\t\t\t\t\t\t\t\t\t\t\t\t<\/div>\n\t\t\t\t<\/div>\n\t\t\t\t<div class=\"elementor-element elementor-element-f471b0a elementor-widget elementor-widget-image-box\" data-id=\"f471b0a\" data-element_type=\"widget\" data-e-type=\"widget\" data-widget_type=\"image-box.default\">\n\t\t\t\t<div class=\"elementor-widget-container\">\n\t\t\t\t\t<div class=\"elementor-image-box-wrapper\"><div class=\"elementor-image-box-content\"><h3 class=\"elementor-image-box-title\">Abonnent \/ Landing Page<\/h3><p class=\"elementor-image-box-description\">Eine professionelle Landing Page ist eine gezielte Website, die f\u00fcr eine Kampagne oder ein Produkt wirbt. Sie ermutigt die Besucher zu einer bestimmten Aktion, z. B. einem Kauf oder einer Registrierung. Sie hat ein klares Design mit starken visuellen Elementen. Sie zeichnet sich durch klare Botschaften f\u00fcr maximale Konversion aus.<\/p><\/div><\/div>\t\t\t\t<\/div>\n\t\t\t\t<\/div>\n\t\t\t\t<\/div>\n\t\t<div class=\"elementor-element elementor-element-9bde181 e-con-full e-flex e-con e-child\" data-id=\"9bde181\" data-element_type=\"container\" data-e-type=\"container\">\n\t\t<div class=\"elementor-element elementor-element-667eb27 e-con-full e-flex e-con e-child\" data-id=\"667eb27\" data-element_type=\"container\" data-e-type=\"container\">\n\t\t\t\t<div class=\"elementor-element elementor-element-b3d6704 elementor-widget elementor-widget-image-box\" data-id=\"b3d6704\" data-element_type=\"widget\" data-e-type=\"widget\" data-widget_type=\"image-box.default\">\n\t\t\t\t<div class=\"elementor-widget-container\">\n\t\t\t\t\t<div class=\"elementor-image-box-wrapper\"><div class=\"elementor-image-box-content\"><h3 class=\"elementor-image-box-title\">Ein Blog erstellen<\/h3><p class=\"elementor-image-box-description\">Ein Blog ist eine regelm\u00e4\u00dfig aktualisierte Online-Plattform, auf der der Autor oder die Autoren Beitr\u00e4ge zu verschiedenen Themen ver\u00f6ffentlichen. Ein Blog kann ein pers\u00f6nliches Tagebuch sein, ein Ort, an dem berufliche Meinungen ausgetauscht werden, oder eine Quelle f\u00fcr Nachrichten und Informationen in einem bestimmten Bereich. Es zeichnet sich durch einen direkten, oft pers\u00f6nlichen Ton aus und bietet die M\u00f6glichkeit, mit den Lesern durch Kommentare zu interagieren.<\/p><\/div><\/div>\t\t\t\t<\/div>\n\t\t\t\t<\/div>\n\t\t\t\t<div class=\"elementor-element elementor-element-011925a elementor-widget elementor-widget-image\" data-id=\"011925a\" data-element_type=\"widget\" data-e-type=\"widget\" data-widget_type=\"image.default\">\n\t\t\t\t<div class=\"elementor-widget-container\">\n\t\t\t\t\t\t\t\t\t\t\t\t\t\t\t<img decoding=\"async\" src=\"https:\/\/andreas-websolutions.com\/wp-content\/uploads\/2024\/08\/blog.webp\" title=\"\" alt=\"\" loading=\"lazy\" \/>\t\t\t\t\t\t\t\t\t\t\t\t\t\t\t<\/div>\n\t\t\t\t<\/div>\n\t\t\t\t<\/div>\n\t\t\t\t<\/div>\n\t\t\t\t<\/div>\n\t\t\t\t<\/div>\n\t\t\t\t\t<\/div>\n\t\t\t\t<\/div>\n\t\t<div class=\"elementor-element elementor-element-f24d86b e-flex e-con-boxed e-con e-parent\" data-id=\"f24d86b\" data-element_type=\"container\" data-e-type=\"container\" data-settings=\"{&quot;background_background&quot;:&quot;gradient&quot;}\">\n\t\t\t\t\t<div class=\"e-con-inner\">\n\t\t<div class=\"elementor-element elementor-element-9296de2 e-con-full e-flex e-con e-child\" data-id=\"9296de2\" data-element_type=\"container\" data-e-type=\"container\" data-settings=\"{&quot;background_background&quot;:&quot;gradient&quot;}\">\n\t\t<div class=\"elementor-element elementor-element-c022d11 e-con-full e-flex e-con e-child\" data-id=\"c022d11\" data-element_type=\"container\" data-e-type=\"container\">\n\t\t<div class=\"elementor-element elementor-element-9cbd32b e-con-full e-flex e-con e-child\" data-id=\"9cbd32b\" data-element_type=\"container\" data-e-type=\"container\">\n\t\t\t\t<div class=\"elementor-element elementor-element-00e1ed6 elementor-widget elementor-widget-image-box\" data-id=\"00e1ed6\" data-element_type=\"widget\" data-e-type=\"widget\" data-widget_type=\"image-box.default\">\n\t\t\t\t<div class=\"elementor-widget-container\">\n\t\t\t\t\t<div class=\"elementor-image-box-wrapper\"><div class=\"elementor-image-box-content\"><h3 class=\"elementor-image-box-title\">Erstellung einer Website<\/h3><p class=\"elementor-image-box-description\">Eine Website ist eine Online-Plattform, die Informationen, Dienstleistungen oder Produkte pr\u00e4sentiert und den Nutzern die M\u00f6glichkeit zur Interaktion bietet. Sie zeichnet sich durch ihr visuelles Erscheinungsbild, ihre inhaltliche Struktur und ihre Funktionalit\u00e4t aus, die zusammen dazu beitragen, die Bed\u00fcrfnisse der Besucher zu erf\u00fcllen und die Ziele der Website zu erreichen.<\/p><\/div><\/div>\t\t\t\t<\/div>\n\t\t\t\t<\/div>\n\t\t\t\t<div class=\"elementor-element elementor-element-b57b2c5 elementor-widget elementor-widget-image\" data-id=\"b57b2c5\" data-element_type=\"widget\" data-e-type=\"widget\" data-widget_type=\"image.default\">\n\t\t\t\t<div class=\"elementor-widget-container\">\n\t\t\t\t\t\t\t\t\t\t\t\t\t\t\t<img decoding=\"async\" src=\"https:\/\/andreas-websolutions.com\/wp-content\/uploads\/2024\/08\/weboldalt.webp\" title=\"\" alt=\"\" loading=\"lazy\" \/>\t\t\t\t\t\t\t\t\t\t\t\t\t\t\t<\/div>\n\t\t\t\t<\/div>\n\t\t\t\t<\/div>\n\t\t<div class=\"elementor-element elementor-element-5ad1889 e-con-full elementor-hidden-desktop elementor-hidden-tablet elementor-hidden-mobile e-flex e-con e-child\" data-id=\"5ad1889\" data-element_type=\"container\" data-e-type=\"container\">\n\t\t\t\t<div class=\"elementor-element elementor-element-7338c4a elementor-widget elementor-widget-image\" data-id=\"7338c4a\" data-element_type=\"widget\" data-e-type=\"widget\" data-widget_type=\"image.default\">\n\t\t\t\t<div class=\"elementor-widget-container\">\n\t\t\t\t\t\t\t\t\t\t\t\t\t\t\t<img decoding=\"async\" src=\"https:\/\/andreas-websolutions.com\/wp-content\/uploads\/2024\/08\/webshop.webp\" title=\"\" alt=\"\" loading=\"lazy\" \/>\t\t\t\t\t\t\t\t\t\t\t\t\t\t\t<\/div>\n\t\t\t\t<\/div>\n\t\t\t\t<div class=\"elementor-element elementor-element-8606355 elementor-hidden-desktop elementor-hidden-tablet elementor-hidden-mobile elementor-widget elementor-widget-image-box\" data-id=\"8606355\" data-element_type=\"widget\" data-e-type=\"widget\" data-widget_type=\"image-box.default\">\n\t\t\t\t<div class=\"elementor-widget-container\">\n\t\t\t\t\t<div class=\"elementor-image-box-wrapper\"><div class=\"elementor-image-box-content\"><h3 class=\"elementor-image-box-title\">Erstellung eines Webshops<\/h3><p class=\"elementor-image-box-description\">Der Webshop ist ein Online-Gesch\u00e4ft, in dem die Nutzer Produkte durchsuchen, ausw\u00e4hlen und kaufen k\u00f6nnen. Er verf\u00fcgt \u00fcber einen Produktkatalog, einen Einkaufswagen und ein Zahlungssystem, die ein bequemes, schnelles und sicheres Einkaufserlebnis bieten. Der Webshop bietet die M\u00f6glichkeit, von \u00fcberall und zu jeder Zeit auf das Produktsortiment zuzugreifen.<\/p><\/div><\/div>\t\t\t\t<\/div>\n\t\t\t\t<\/div>\n\t\t\t\t<\/div>\n\t\t\t\t<\/div>\n\t\t\t\t<\/div>\n\t\t\t\t\t<\/div>\n\t\t\t\t<\/div>\n\t\t\t\t<\/div>","protected":false},"excerpt":{"rendered":"<p>Webes megold\u00e1sok Feliratkoztat\u00f3 \/ Landing Oldal A professzion\u00e1lis landing oldal egy c\u00e9lzott weboldal, amely egy kamp\u00e1ny vagy term\u00e9k n\u00e9pszer\u0171s\u00edt\u00e9s\u00e9re k\u00e9sz\u00fclt. A l\u00e1togat\u00f3t egy konkr\u00e9t cselekv\u00e9sre, p\u00e9ld\u00e1ul v\u00e1s\u00e1rl\u00e1sra vagy feliratkoz\u00e1sra \u00f6szt\u00f6nzi. Letisztult diz\u00e1jnal, er\u0151s vizu\u00e1lis elemekkel. Vil\u00e1gos \u00fczenetek jellemzik a maxim\u00e1lis konverzi\u00f3 \u00e9rdek\u00e9ben. Blog l\u00e9trehoz\u00e1sa A blog egy rendszeresen friss\u00edtett online platform, ahol a szerz\u0151 vagy [&hellip;]<\/p>\n","protected":false},"author":1,"featured_media":0,"parent":0,"menu_order":0,"comment_status":"closed","ping_status":"closed","template":"","meta":{"site-sidebar-layout":"no-sidebar","site-content-layout":"page-builder","ast-site-content-layout":"full-width-container","site-content-style":"default","site-sidebar-style":"default","ast-global-header-display":"","ast-banner-title-visibility":"","ast-main-header-display":"","ast-hfb-above-header-display":"","ast-hfb-below-header-display":"","ast-hfb-mobile-header-display":"","site-post-title":"disabled","ast-breadcrumbs-content":"","ast-featured-img":"disabled","footer-sml-layout":"","ast-disable-related-posts":"","theme-transparent-header-meta":"","adv-header-id-meta":"","stick-header-meta":"","header-above-stick-meta":"","header-main-stick-meta":"","header-below-stick-meta":"","astra-migrate-meta-layouts":"set","ast-page-background-enabled":"default","ast-page-background-meta":{"desktop":{"background-color":"","background-image":"","background-repeat":"repeat","background-position":"center center","background-size":"auto","background-attachment":"scroll","background-type":"","background-media":"","overlay-type":"","overlay-color":"","overlay-opacity":"","overlay-gradient":""},"tablet":{"background-color":"","background-image":"","background-repeat":"repeat","background-position":"center center","background-size":"auto","background-attachment":"scroll","background-type":"","background-media":"","overlay-type":"","overlay-color":"","overlay-opacity":"","overlay-gradient":""},"mobile":{"background-color":"","background-image":"","background-repeat":"repeat","background-position":"center center","background-size":"auto","background-attachment":"scroll","background-type":"","background-media":"","overlay-type":"","overlay-color":"","overlay-opacity":"","overlay-gradient":""}},"ast-content-background-meta":{"desktop":{"background-color":"var(--ast-global-color-5)","background-image":"","background-repeat":"repeat","background-position":"center center","background-size":"auto","background-attachment":"scroll","background-type":"","background-media":"","overlay-type":"","overlay-color":"","overlay-opacity":"","overlay-gradient":""},"tablet":{"background-color":"var(--ast-global-color-5)","background-image":"","background-repeat":"repeat","background-position":"center center","background-size":"auto","background-attachment":"scroll","background-type":"","background-media":"","overlay-type":"","overlay-color":"","overlay-opacity":"","overlay-gradient":""},"mobile":{"background-color":"var(--ast-global-color-5)","background-image":"","background-repeat":"repeat","background-position":"center center","background-size":"auto","background-attachment":"scroll","background-type":"","background-media":"","overlay-type":"","overlay-color":"","overlay-opacity":"","overlay-gradient":""}},"footnotes":""},"class_list":["post-2495","page","type-page","status-publish","hentry"],"yoast_head":"<!-- This site is optimized with the Yoast SEO plugin v27.4 - https:\/\/yoast.com\/product\/yoast-seo-wordpress\/ -->\n<title>Webes Megold\u00e1sok - Andreas WebSolutions<\/title>\n<meta name=\"robots\" content=\"index, follow, max-snippet:-1, max-image-preview:large, max-video-preview:-1\" \/>\n<link rel=\"canonical\" href=\"https:\/\/andreas-websolutions.com\/de\/web-losungen\/\" \/>\n<meta property=\"og:locale\" content=\"de_DE\" \/>\n<meta property=\"og:type\" content=\"article\" \/>\n<meta property=\"og:title\" content=\"Webes Megold\u00e1sok - Andreas WebSolutions\" \/>\n<meta property=\"og:description\" content=\"Webes megold\u00e1sok Feliratkoztat\u00f3 \/ Landing Oldal A professzion\u00e1lis landing oldal egy c\u00e9lzott weboldal, amely egy kamp\u00e1ny vagy term\u00e9k n\u00e9pszer\u0171s\u00edt\u00e9s\u00e9re k\u00e9sz\u00fclt. A l\u00e1togat\u00f3t egy konkr\u00e9t cselekv\u00e9sre, p\u00e9ld\u00e1ul v\u00e1s\u00e1rl\u00e1sra vagy feliratkoz\u00e1sra \u00f6szt\u00f6nzi. Letisztult diz\u00e1jnal, er\u0151s vizu\u00e1lis elemekkel. Vil\u00e1gos \u00fczenetek jellemzik a maxim\u00e1lis konverzi\u00f3 \u00e9rdek\u00e9ben. Blog l\u00e9trehoz\u00e1sa A blog egy rendszeresen friss\u00edtett online platform, ahol a szerz\u0151 vagy [&hellip;]\" \/>\n<meta property=\"og:url\" content=\"https:\/\/andreas-websolutions.com\/de\/web-losungen\/\" \/>\n<meta property=\"og:site_name\" content=\"Andreas WebSolutions\" \/>\n<meta property=\"article:publisher\" content=\"https:\/\/www.facebook.com\/profile.php?id=61564865729682\" \/>\n<meta property=\"article:modified_time\" content=\"2024-09-15T00:07:09+00:00\" \/>\n<meta property=\"og:image\" content=\"https:\/\/andreas-websolutions.com\/wp-content\/uploads\/2024\/08\/landing-1024x640.webp\" \/>\n<meta name=\"twitter:card\" content=\"summary_large_image\" \/>\n<meta name=\"twitter:label1\" content=\"Gesch\u00e4tzte Lesezeit\" \/>\n\t<meta name=\"twitter:data1\" content=\"2\u00a0Minuten\" \/>\n<script type=\"application\/ld+json\" class=\"yoast-schema-graph\">{\"@context\":\"https:\\\/\\\/schema.org\",\"@graph\":[{\"@type\":\"WebPage\",\"@id\":\"https:\\\/\\\/andreas-websolutions.com\\\/webes-megoldasok\\\/\",\"url\":\"https:\\\/\\\/andreas-websolutions.com\\\/webes-megoldasok\\\/\",\"name\":\"Webes Megold\u00e1sok - Andreas WebSolutions\",\"isPartOf\":{\"@id\":\"https:\\\/\\\/andreas-websolutions.com\\\/#website\"},\"primaryImageOfPage\":{\"@id\":\"https:\\\/\\\/andreas-websolutions.com\\\/webes-megoldasok\\\/#primaryimage\"},\"image\":{\"@id\":\"https:\\\/\\\/andreas-websolutions.com\\\/webes-megoldasok\\\/#primaryimage\"},\"thumbnailUrl\":\"https:\\\/\\\/andreas-websolutions.com\\\/wp-content\\\/uploads\\\/2024\\\/08\\\/landing-1024x640.webp\",\"datePublished\":\"2024-08-19T09:32:53+00:00\",\"dateModified\":\"2024-09-15T00:07:09+00:00\",\"breadcrumb\":{\"@id\":\"https:\\\/\\\/andreas-websolutions.com\\\/webes-megoldasok\\\/#breadcrumb\"},\"inLanguage\":\"de\",\"potentialAction\":[{\"@type\":\"ReadAction\",\"target\":[\"https:\\\/\\\/andreas-websolutions.com\\\/webes-megoldasok\\\/\"]}]},{\"@type\":\"ImageObject\",\"inLanguage\":\"de\",\"@id\":\"https:\\\/\\\/andreas-websolutions.com\\\/webes-megoldasok\\\/#primaryimage\",\"url\":\"https:\\\/\\\/andreas-websolutions.com\\\/wp-content\\\/uploads\\\/2024\\\/08\\\/landing-1024x640.webp\",\"contentUrl\":\"https:\\\/\\\/andreas-websolutions.com\\\/wp-content\\\/uploads\\\/2024\\\/08\\\/landing-1024x640.webp\"},{\"@type\":\"BreadcrumbList\",\"@id\":\"https:\\\/\\\/andreas-websolutions.com\\\/webes-megoldasok\\\/#breadcrumb\",\"itemListElement\":[{\"@type\":\"ListItem\",\"position\":1,\"name\":\"Kezd\u0151lap\",\"item\":\"https:\\\/\\\/andreas-websolutions.com\\\/\"},{\"@type\":\"ListItem\",\"position\":2,\"name\":\"Webes Megold\u00e1sok\"}]},{\"@type\":\"WebSite\",\"@id\":\"https:\\\/\\\/andreas-websolutions.com\\\/#website\",\"url\":\"https:\\\/\\\/andreas-websolutions.com\\\/\",\"name\":\"Andreas WebSolutions\",\"description\":\"Pofesszion\u00e1lis Online Megold\u00e1sok\",\"publisher\":{\"@id\":\"https:\\\/\\\/andreas-websolutions.com\\\/#organization\"},\"potentialAction\":[{\"@type\":\"SearchAction\",\"target\":{\"@type\":\"EntryPoint\",\"urlTemplate\":\"https:\\\/\\\/andreas-websolutions.com\\\/?s={search_term_string}\"},\"query-input\":{\"@type\":\"PropertyValueSpecification\",\"valueRequired\":true,\"valueName\":\"search_term_string\"}}],\"inLanguage\":\"de\"},{\"@type\":\"Organization\",\"@id\":\"https:\\\/\\\/andreas-websolutions.com\\\/#organization\",\"name\":\"Andreas WebSolutions\",\"url\":\"https:\\\/\\\/andreas-websolutions.com\\\/\",\"logo\":{\"@type\":\"ImageObject\",\"inLanguage\":\"de\",\"@id\":\"https:\\\/\\\/andreas-websolutions.com\\\/#\\\/schema\\\/logo\\\/image\\\/\",\"url\":\"https:\\\/\\\/andreas-websolutions.com\\\/wp-content\\\/uploads\\\/2024\\\/08\\\/logonagy.webp\",\"contentUrl\":\"https:\\\/\\\/andreas-websolutions.com\\\/wp-content\\\/uploads\\\/2024\\\/08\\\/logonagy.webp\",\"width\":1500,\"height\":1500,\"caption\":\"Andreas WebSolutions\"},\"image\":{\"@id\":\"https:\\\/\\\/andreas-websolutions.com\\\/#\\\/schema\\\/logo\\\/image\\\/\"},\"sameAs\":[\"https:\\\/\\\/www.facebook.com\\\/profile.php?id=61564865729682\"]}]}<\/script>\n<!-- \/ Yoast SEO plugin. -->","yoast_head_json":{"title":"Web-L\u00f6sungen - Andreas WebSolutions","robots":{"index":"index","follow":"follow","max-snippet":"max-snippet:-1","max-image-preview":"max-image-preview:large","max-video-preview":"max-video-preview:-1"},"canonical":"https:\/\/andreas-websolutions.com\/de\/web-losungen\/","og_locale":"de_DE","og_type":"article","og_title":"Webes Megold\u00e1sok - Andreas WebSolutions","og_description":"Webes megold\u00e1sok Feliratkoztat\u00f3 \/ Landing Oldal A professzion\u00e1lis landing oldal egy c\u00e9lzott weboldal, amely egy kamp\u00e1ny vagy term\u00e9k n\u00e9pszer\u0171s\u00edt\u00e9s\u00e9re k\u00e9sz\u00fclt. A l\u00e1togat\u00f3t egy konkr\u00e9t cselekv\u00e9sre, p\u00e9ld\u00e1ul v\u00e1s\u00e1rl\u00e1sra vagy feliratkoz\u00e1sra \u00f6szt\u00f6nzi. Letisztult diz\u00e1jnal, er\u0151s vizu\u00e1lis elemekkel. Vil\u00e1gos \u00fczenetek jellemzik a maxim\u00e1lis konverzi\u00f3 \u00e9rdek\u00e9ben. Blog l\u00e9trehoz\u00e1sa A blog egy rendszeresen friss\u00edtett online platform, ahol a szerz\u0151 vagy [&hellip;]","og_url":"https:\/\/andreas-websolutions.com\/de\/web-losungen\/","og_site_name":"Andreas WebSolutions","article_publisher":"https:\/\/www.facebook.com\/profile.php?id=61564865729682","article_modified_time":"2024-09-15T00:07:09+00:00","og_image":[{"url":"https:\/\/andreas-websolutions.com\/wp-content\/uploads\/2024\/08\/landing-1024x640.webp","type":"","width":"","height":""}],"twitter_card":"summary_large_image","twitter_misc":{"Gesch\u00e4tzte Lesezeit":"2\u00a0Minuten"},"schema":{"@context":"https:\/\/schema.org","@graph":[{"@type":"WebPage","@id":"https:\/\/andreas-websolutions.com\/webes-megoldasok\/","url":"https:\/\/andreas-websolutions.com\/webes-megoldasok\/","name":"Web-L\u00f6sungen - Andreas WebSolutions","isPartOf":{"@id":"https:\/\/andreas-websolutions.com\/#website"},"primaryImageOfPage":{"@id":"https:\/\/andreas-websolutions.com\/webes-megoldasok\/#primaryimage"},"image":{"@id":"https:\/\/andreas-websolutions.com\/webes-megoldasok\/#primaryimage"},"thumbnailUrl":"https:\/\/andreas-websolutions.com\/wp-content\/uploads\/2024\/08\/landing-1024x640.webp","datePublished":"2024-08-19T09:32:53+00:00","dateModified":"2024-09-15T00:07:09+00:00","breadcrumb":{"@id":"https:\/\/andreas-websolutions.com\/webes-megoldasok\/#breadcrumb"},"inLanguage":"de","potentialAction":[{"@type":"ReadAction","target":["https:\/\/andreas-websolutions.com\/webes-megoldasok\/"]}]},{"@type":"ImageObject","inLanguage":"de","@id":"https:\/\/andreas-websolutions.com\/webes-megoldasok\/#primaryimage","url":"https:\/\/andreas-websolutions.com\/wp-content\/uploads\/2024\/08\/landing-1024x640.webp","contentUrl":"https:\/\/andreas-websolutions.com\/wp-content\/uploads\/2024\/08\/landing-1024x640.webp"},{"@type":"BreadcrumbList","@id":"https:\/\/andreas-websolutions.com\/webes-megoldasok\/#breadcrumb","itemListElement":[{"@type":"ListItem","position":1,"name":"Kezd\u0151lap","item":"https:\/\/andreas-websolutions.com\/"},{"@type":"ListItem","position":2,"name":"Webes Megold\u00e1sok"}]},{"@type":"WebSite","@id":"https:\/\/andreas-websolutions.com\/#website","url":"https:\/\/andreas-websolutions.com\/","name":"Andreas WebSolutions","description":"Professionelle Online-L\u00f6sungen","publisher":{"@id":"https:\/\/andreas-websolutions.com\/#organization"},"potentialAction":[{"@type":"SearchAction","target":{"@type":"EntryPoint","urlTemplate":"https:\/\/andreas-websolutions.com\/?s={search_term_string}"},"query-input":{"@type":"PropertyValueSpecification","valueRequired":true,"valueName":"search_term_string"}}],"inLanguage":"de"},{"@type":"Organization","@id":"https:\/\/andreas-websolutions.com\/#organization","name":"Andreas WebSolutions","url":"https:\/\/andreas-websolutions.com\/","logo":{"@type":"ImageObject","inLanguage":"de","@id":"https:\/\/andreas-websolutions.com\/#\/schema\/logo\/image\/","url":"https:\/\/andreas-websolutions.com\/wp-content\/uploads\/2024\/08\/logonagy.webp","contentUrl":"https:\/\/andreas-websolutions.com\/wp-content\/uploads\/2024\/08\/logonagy.webp","width":1500,"height":1500,"caption":"Andreas WebSolutions"},"image":{"@id":"https:\/\/andreas-websolutions.com\/#\/schema\/logo\/image\/"},"sameAs":["https:\/\/www.facebook.com\/profile.php?id=61564865729682"]}]}},"jetpack_sharing_enabled":true,"_links":{"self":[{"href":"https:\/\/andreas-websolutions.com\/de\/wp-json\/wp\/v2\/pages\/2495","targetHints":{"allow":["GET"]}}],"collection":[{"href":"https:\/\/andreas-websolutions.com\/de\/wp-json\/wp\/v2\/pages"}],"about":[{"href":"https:\/\/andreas-websolutions.com\/de\/wp-json\/wp\/v2\/types\/page"}],"author":[{"embeddable":true,"href":"https:\/\/andreas-websolutions.com\/de\/wp-json\/wp\/v2\/users\/1"}],"replies":[{"embeddable":true,"href":"https:\/\/andreas-websolutions.com\/de\/wp-json\/wp\/v2\/comments?post=2495"}],"version-history":[{"count":43,"href":"https:\/\/andreas-websolutions.com\/de\/wp-json\/wp\/v2\/pages\/2495\/revisions"}],"predecessor-version":[{"id":3227,"href":"https:\/\/andreas-websolutions.com\/de\/wp-json\/wp\/v2\/pages\/2495\/revisions\/3227"}],"wp:attachment":[{"href":"https:\/\/andreas-websolutions.com\/de\/wp-json\/wp\/v2\/media?parent=2495"}],"curies":[{"name":"wp","href":"https:\/\/api.w.org\/{rel}","templated":true}]}}