{"id":904,"date":"2024-08-17T12:08:15","date_gmt":"2024-08-17T10:08:15","guid":{"rendered":"https:\/\/andreas-websolutions.com\/contact\/"},"modified":"2024-12-08T22:38:25","modified_gmt":"2024-12-08T21:38:25","slug":"kontakt","status":"publish","type":"page","link":"https:\/\/andreas-websolutions.com\/de\/kapcsolat\/","title":{"rendered":"Kontakt"},"content":{"rendered":"\t\t<div data-elementor-type=\"wp-page\" data-elementor-id=\"904\" class=\"elementor elementor-904\" data-elementor-post-type=\"page\">\n\t\t\t\t<div class=\"elementor-element elementor-element-6f79c9a e-flex e-con-boxed e-con e-parent\" data-id=\"6f79c9a\" data-element_type=\"container\" data-e-type=\"container\" data-settings=\"{&quot;background_background&quot;:&quot;gradient&quot;}\">\n\t\t\t\t\t<div class=\"e-con-inner\">\n\t\t<div class=\"elementor-element elementor-element-76abee2 e-con-full e-flex e-con e-child\" data-id=\"76abee2\" data-element_type=\"container\" data-e-type=\"container\">\n\t\t\t\t<div class=\"elementor-element elementor-element-1804ce0 elementor-widget elementor-widget-heading\" data-id=\"1804ce0\" data-element_type=\"widget\" data-e-type=\"widget\" id=\"kapcsolatatiranyitas\" data-widget_type=\"heading.default\">\n\t\t\t\t<div class=\"elementor-widget-container\">\n\t\t\t\t\t<h1 class=\"elementor-heading-title elementor-size-default\">Kapcsolat<\/h1>\t\t\t\t<\/div>\n\t\t\t\t<\/div>\n\t\t\t\t<div class=\"elementor-element elementor-element-8cf161c elementor-widget elementor-widget-text-editor\" data-id=\"8cf161c\" data-element_type=\"widget\" data-e-type=\"widget\" data-widget_type=\"text-editor.default\">\n\t\t\t\t<div class=\"elementor-widget-container\">\n\t\t\t\t\t\t\t\t\t<p><strong>\u00d6r\u00f6mmel v\u00e1laszolok minden felmer\u00fcl\u0151 k\u00e9rd\u00e9sedre. K\u00e9rlek, vedd fel velem a kapcsolatot az al\u00e1bbi el\u00e9rhet\u0151s\u00e9gek egyik\u00e9n.<\/strong><\/p>\t\t\t\t\t\t\t\t<\/div>\n\t\t\t\t<\/div>\n\t\t\t\t<div class=\"elementor-element elementor-element-fdcc063 elementor-position-inline-start elementor-view-default elementor-mobile-position-block-start elementor-widget elementor-widget-icon-box\" data-id=\"fdcc063\" data-element_type=\"widget\" data-e-type=\"widget\" data-widget_type=\"icon-box.default\">\n\t\t\t\t<div class=\"elementor-widget-container\">\n\t\t\t\t\t\t\t<div class=\"elementor-icon-box-wrapper\">\n\n\t\t\t\t\t\t<div class=\"elementor-icon-box-icon\">\n\t\t\t\t<a href=\"tel:+36308325010\" class=\"elementor-icon\" tabindex=\"-1\" aria-label=\"Telefonsz\u00e1mom:\">\n\t\t\t\t<svg aria-hidden=\"true\" class=\"e-font-icon-svg e-fas-phone\" viewBox=\"0 0 512 512\" xmlns=\"http:\/\/www.w3.org\/2000\/svg\"><path d=\"M493.4 24.6l-104-24c-11.3-2.6-22.9 3.3-27.5 13.9l-48 112c-4.2 9.8-1.4 21.3 6.9 28l60.6 49.6c-36 76.7-98.9 140.5-177.2 177.2l-49.6-60.6c-6.8-8.3-18.2-11.1-28-6.9l-112 48C3.9 366.5-2 378.1.6 389.4l24 104C27.1 504.2 36.7 512 48 512c256.1 0 464-207.5 464-464 0-11.2-7.7-20.9-18.6-23.4z\"><\/path><\/svg>\t\t\t\t<\/a>\n\t\t\t<\/div>\n\t\t\t\n\t\t\t\t\t\t<div class=\"elementor-icon-box-content\">\n\n\t\t\t\t\t\t\t\t\t<h6 class=\"elementor-icon-box-title\">\n\t\t\t\t\t\t<a href=\"tel:+36308325010\" >\n\t\t\t\t\t\t\tTelefonsz\u00e1mom:\t\t\t\t\t\t<\/a>\n\t\t\t\t\t<\/h6>\n\t\t\t\t\n\t\t\t\t\t\t\t\t\t<p class=\"elementor-icon-box-description\">\n\t\t\t\t\t\t+36 30-8325010\t\t\t\t\t<\/p>\n\t\t\t\t\n\t\t\t<\/div>\n\t\t\t\n\t\t<\/div>\n\t\t\t\t\t\t<\/div>\n\t\t\t\t<\/div>\n\t\t\t\t<div class=\"elementor-element elementor-element-f4c4909 elementor-position-inline-start elementor-view-default elementor-mobile-position-block-start elementor-widget elementor-widget-icon-box\" data-id=\"f4c4909\" data-element_type=\"widget\" data-e-type=\"widget\" data-widget_type=\"icon-box.default\">\n\t\t\t\t<div class=\"elementor-widget-container\">\n\t\t\t\t\t\t\t<div class=\"elementor-icon-box-wrapper\">\n\n\t\t\t\t\t\t<div class=\"elementor-icon-box-icon\">\n\t\t\t\t<a href=\"mailto:andik.andrea.web@gmail.com\" target=\"_blank\" class=\"elementor-icon\" tabindex=\"-1\" aria-label=\"E-mail c\u00edmem:\">\n\t\t\t\t<svg aria-hidden=\"true\" class=\"e-font-icon-svg e-fas-envelope\" viewBox=\"0 0 512 512\" xmlns=\"http:\/\/www.w3.org\/2000\/svg\"><path d=\"M502.3 190.8c3.9-3.1 9.7-.2 9.7 4.7V400c0 26.5-21.5 48-48 48H48c-26.5 0-48-21.5-48-48V195.6c0-5 5.7-7.8 9.7-4.7 22.4 17.4 52.1 39.5 154.1 113.6 21.1 15.4 56.7 47.8 92.2 47.6 35.7.3 72-32.8 92.3-47.6 102-74.1 131.6-96.3 154-113.7zM256 320c23.2.4 56.6-29.2 73.4-41.4 132.7-96.3 142.8-104.7 173.4-128.7 5.8-4.5 9.2-11.5 9.2-18.9v-19c0-26.5-21.5-48-48-48H48C21.5 64 0 85.5 0 112v19c0 7.4 3.4 14.3 9.2 18.9 30.6 23.9 40.7 32.4 173.4 128.7 16.8 12.2 50.2 41.8 73.4 41.4z\"><\/path><\/svg>\t\t\t\t<\/a>\n\t\t\t<\/div>\n\t\t\t\n\t\t\t\t\t\t<div class=\"elementor-icon-box-content\">\n\n\t\t\t\t\t\t\t\t\t<h6 class=\"elementor-icon-box-title\">\n\t\t\t\t\t\t<a href=\"mailto:andik.andrea.web@gmail.com\" target=\"_blank\" >\n\t\t\t\t\t\t\tE-mail c\u00edmem:\t\t\t\t\t\t<\/a>\n\t\t\t\t\t<\/h6>\n\t\t\t\t\n\t\t\t\t\t\t\t\t\t<p class=\"elementor-icon-box-description\">\n\t\t\t\t\t\tandik.andrea.web@gmail.com\t\t\t\t\t<\/p>\n\t\t\t\t\n\t\t\t<\/div>\n\t\t\t\n\t\t<\/div>\n\t\t\t\t\t\t<\/div>\n\t\t\t\t<\/div>\n\t\t\t\t<div class=\"elementor-element elementor-element-9e31825 elementor-widget elementor-widget-heading\" data-id=\"9e31825\" data-element_type=\"widget\" data-e-type=\"widget\" data-widget_type=\"heading.default\">\n\t\t\t\t<div class=\"elementor-widget-container\">\n\t\t\t\t\t<h6 class=\"elementor-heading-title elementor-size-default\">K\u00f6vess az al\u00e1bbi oldalakon is:<\/h6>\t\t\t\t<\/div>\n\t\t\t\t<\/div>\n\t\t<div class=\"elementor-element elementor-element-ba2736c e-con-full e-flex e-con e-child\" data-id=\"ba2736c\" data-element_type=\"container\" data-e-type=\"container\">\n\t\t<div class=\"elementor-element elementor-element-98ff3d7 e-con-full e-flex e-con e-child\" data-id=\"98ff3d7\" data-element_type=\"container\" data-e-type=\"container\">\n\t\t\t\t<div class=\"elementor-element elementor-element-2d4c76d elementor-shape-circle elementor-grid-0 e-grid-align-center elementor-widget elementor-widget-social-icons\" data-id=\"2d4c76d\" data-element_type=\"widget\" data-e-type=\"widget\" data-settings=\"{&quot;motion_fx_motion_fx_scrolling&quot;:&quot;yes&quot;,&quot;motion_fx_scale_effect&quot;:&quot;yes&quot;,&quot;_animation&quot;:&quot;none&quot;,&quot;motion_fx_scale_direction&quot;:&quot;out-in&quot;,&quot;motion_fx_scale_speed&quot;:{&quot;unit&quot;:&quot;px&quot;,&quot;size&quot;:4,&quot;sizes&quot;:[]},&quot;motion_fx_scale_range&quot;:{&quot;unit&quot;:&quot;%&quot;,&quot;size&quot;:&quot;&quot;,&quot;sizes&quot;:{&quot;start&quot;:20,&quot;end&quot;:80}},&quot;motion_fx_devices&quot;:[&quot;desktop&quot;,&quot;tablet&quot;,&quot;mobile&quot;]}\" data-widget_type=\"social-icons.default\">\n\t\t\t\t<div class=\"elementor-widget-container\">\n\t\t\t\t\t\t\t<div class=\"elementor-social-icons-wrapper elementor-grid\" role=\"list\">\n\t\t\t\t\t\t\t<span class=\"elementor-grid-item\" role=\"listitem\">\n\t\t\t\t\t<a class=\"elementor-icon elementor-social-icon elementor-social-icon-facebook elementor-animation-grow elementor-repeater-item-c6b80d4\" href=\"https:\/\/www.facebook.com\/profile.php?id=61564865729682\" target=\"_blank\">\n\t\t\t\t\t\t<span class=\"elementor-screen-only\">Facebook<\/span>\n\t\t\t\t\t\t<svg aria-hidden=\"true\" class=\"e-font-icon-svg e-fab-facebook\" viewBox=\"0 0 512 512\" xmlns=\"http:\/\/www.w3.org\/2000\/svg\"><path d=\"M504 256C504 119 393 8 256 8S8 119 8 256c0 123.78 90.69 226.38 209.25 245V327.69h-63V256h63v-54.64c0-62.15 37-96.48 93.67-96.48 27.14 0 55.52 4.84 55.52 4.84v61h-31.28c-30.8 0-40.41 19.12-40.41 38.73V256h68.78l-11 71.69h-57.78V501C413.31 482.38 504 379.78 504 256z\"><\/path><\/svg>\t\t\t\t\t<\/a>\n\t\t\t\t<\/span>\n\t\t\t\t\t\t\t<span class=\"elementor-grid-item\" role=\"listitem\">\n\t\t\t\t\t<a class=\"elementor-icon elementor-social-icon elementor-social-icon-instagram elementor-animation-grow elementor-repeater-item-858b381\" href=\"https:\/\/www.instagram.com\/andreaswebsolutions\/\" target=\"_blank\">\n\t\t\t\t\t\t<span class=\"elementor-screen-only\">Instagram<\/span>\n\t\t\t\t\t\t<svg aria-hidden=\"true\" class=\"e-font-icon-svg e-fab-instagram\" viewBox=\"0 0 448 512\" xmlns=\"http:\/\/www.w3.org\/2000\/svg\"><path d=\"M224.1 141c-63.6 0-114.9 51.3-114.9 114.9s51.3 114.9 114.9 114.9S339 319.5 339 255.9 287.7 141 224.1 141zm0 189.6c-41.1 0-74.7-33.5-74.7-74.7s33.5-74.7 74.7-74.7 74.7 33.5 74.7 74.7-33.6 74.7-74.7 74.7zm146.4-194.3c0 14.9-12 26.8-26.8 26.8-14.9 0-26.8-12-26.8-26.8s12-26.8 26.8-26.8 26.8 12 26.8 26.8zm76.1 27.2c-1.7-35.9-9.9-67.7-36.2-93.9-26.2-26.2-58-34.4-93.9-36.2-37-2.1-147.9-2.1-184.9 0-35.8 1.7-67.6 9.9-93.9 36.1s-34.4 58-36.2 93.9c-2.1 37-2.1 147.9 0 184.9 1.7 35.9 9.9 67.7 36.2 93.9s58 34.4 93.9 36.2c37 2.1 147.9 2.1 184.9 0 35.9-1.7 67.7-9.9 93.9-36.2 26.2-26.2 34.4-58 36.2-93.9 2.1-37 2.1-147.8 0-184.8zM398.8 388c-7.8 19.6-22.9 34.7-42.6 42.6-29.5 11.7-99.5 9-132.1 9s-102.7 2.6-132.1-9c-19.6-7.8-34.7-22.9-42.6-42.6-11.7-29.5-9-99.5-9-132.1s-2.6-102.7 9-132.1c7.8-19.6 22.9-34.7 42.6-42.6 29.5-11.7 99.5-9 132.1-9s102.7-2.6 132.1 9c19.6 7.8 34.7 22.9 42.6 42.6 11.7 29.5 9 99.5 9 132.1s2.7 102.7-9 132.1z\"><\/path><\/svg>\t\t\t\t\t<\/a>\n\t\t\t\t<\/span>\n\t\t\t\t\t\t\t<span class=\"elementor-grid-item\" role=\"listitem\">\n\t\t\t\t\t<a class=\"elementor-icon elementor-social-icon elementor-social-icon-linkedin elementor-animation-grow elementor-repeater-item-38b2c2f\" href=\"http:\/\/www.linkedin.com\/in\/andrea-andik\" target=\"_blank\">\n\t\t\t\t\t\t<span class=\"elementor-screen-only\">Linkedin<\/span>\n\t\t\t\t\t\t<svg aria-hidden=\"true\" class=\"e-font-icon-svg e-fab-linkedin\" viewBox=\"0 0 448 512\" xmlns=\"http:\/\/www.w3.org\/2000\/svg\"><path d=\"M416 32H31.9C14.3 32 0 46.5 0 64.3v383.4C0 465.5 14.3 480 31.9 480H416c17.6 0 32-14.5 32-32.3V64.3c0-17.8-14.4-32.3-32-32.3zM135.4 416H69V202.2h66.5V416zm-33.2-243c-21.3 0-38.5-17.3-38.5-38.5S80.9 96 102.2 96c21.2 0 38.5 17.3 38.5 38.5 0 21.3-17.2 38.5-38.5 38.5zm282.1 243h-66.4V312c0-24.8-.5-56.7-34.5-56.7-34.6 0-39.9 27-39.9 54.9V416h-66.4V202.2h63.7v29.2h.9c8.9-16.8 30.6-34.5 62.9-34.5 67.2 0 79.7 44.3 79.7 101.9V416z\"><\/path><\/svg>\t\t\t\t\t<\/a>\n\t\t\t\t<\/span>\n\t\t\t\t\t<\/div>\n\t\t\t\t\t\t<\/div>\n\t\t\t\t<\/div>\n\t\t\t\t<\/div>\n\t\t\t\t<\/div>\n\t\t\t\t<\/div>\n\t\t<div class=\"elementor-element elementor-element-2dc04e6 e-con-full e-flex e-con e-child\" data-id=\"2dc04e6\" data-element_type=\"container\" data-e-type=\"container\" data-settings=\"{&quot;background_background&quot;:&quot;classic&quot;}\">\n\t\t\t\t<div class=\"elementor-element elementor-element-85dde37 elementor-widget elementor-widget-image\" data-id=\"85dde37\" data-element_type=\"widget\" data-e-type=\"widget\" data-widget_type=\"image.default\">\n\t\t\t\t<div class=\"elementor-widget-container\">\n\t\t\t\t\t\t\t\t\t\t\t\t\t\t\t<img fetchpriority=\"high\" decoding=\"async\" width=\"1024\" height=\"1022\" src=\"https:\/\/andreas-websolutions.com\/wp-content\/uploads\/2024\/08\/kep1-1024x1022.webp\" class=\"attachment-large size-large wp-image-2278\" alt=\"\" srcset=\"https:\/\/andreas-websolutions.com\/wp-content\/uploads\/2024\/08\/kep1-1024x1022.webp 1024w, https:\/\/andreas-websolutions.com\/wp-content\/uploads\/2024\/08\/kep1-300x300.webp 300w, https:\/\/andreas-websolutions.com\/wp-content\/uploads\/2024\/08\/kep1-150x150.webp 150w, https:\/\/andreas-websolutions.com\/wp-content\/uploads\/2024\/08\/kep1-768x767.webp 768w, https:\/\/andreas-websolutions.com\/wp-content\/uploads\/2024\/08\/kep1.webp 1079w\" sizes=\"(max-width: 1024px) 100vw, 1024px\" \/>\t\t\t\t\t\t\t\t\t\t\t\t\t\t\t<\/div>\n\t\t\t\t<\/div>\n\t\t\t\t<\/div>\n\t\t\t\t\t<\/div>\n\t\t\t\t<\/div>\n\t\t\t\t<\/div>\n\t\t","protected":false},"excerpt":{"rendered":"<p>Kapcsolat \u00d6r\u00f6mmel v\u00e1laszolok minden felmer\u00fcl\u0151 k\u00e9rd\u00e9sedre. K\u00e9rlek, vedd fel velem a kapcsolatot az al\u00e1bbi el\u00e9rhet\u0151s\u00e9gek egyik\u00e9n. Telefonsz\u00e1mom: +36 30-8325010 E-mail c\u00edmem: andik.andrea.web@gmail.com K\u00f6vess az al\u00e1bbi oldalakon is: Facebook Instagram Linkedin<\/p>","protected":false},"author":1,"featured_media":0,"parent":0,"menu_order":0,"comment_status":"closed","ping_status":"closed","template":"","meta":{"site-sidebar-layout":"no-sidebar","site-content-layout":"page-builder","ast-site-content-layout":"full-width-container","site-content-style":"unboxed","site-sidebar-style":"unboxed","ast-global-header-display":"","ast-banner-title-visibility":"","ast-main-header-display":"","ast-hfb-above-header-display":"","ast-hfb-below-header-display":"","ast-hfb-mobile-header-display":"","site-post-title":"disabled","ast-breadcrumbs-content":"disabled","ast-featured-img":"disabled","footer-sml-layout":"","ast-disable-related-posts":"","theme-transparent-header-meta":"enabled","adv-header-id-meta":"","stick-header-meta":"","header-above-stick-meta":"","header-main-stick-meta":"","header-below-stick-meta":"","astra-migrate-meta-layouts":"set","ast-page-background-enabled":"default","ast-page-background-meta":{"desktop":{"background-color":"","background-image":"","background-repeat":"repeat","background-position":"center center","background-size":"auto","background-attachment":"scroll","background-type":"","background-media":"","overlay-type":"","overlay-color":"","overlay-opacity":"","overlay-gradient":""},"tablet":{"background-color":"","background-image":"","background-repeat":"repeat","background-position":"center center","background-size":"auto","background-attachment":"scroll","background-type":"","background-media":"","overlay-type":"","overlay-color":"","overlay-opacity":"","overlay-gradient":""},"mobile":{"background-color":"","background-image":"","background-repeat":"repeat","background-position":"center center","background-size":"auto","background-attachment":"scroll","background-type":"","background-media":"","overlay-type":"","overlay-color":"","overlay-opacity":"","overlay-gradient":""}},"ast-content-background-meta":{"desktop":{"background-color":"var(--ast-global-color-5)","background-image":"","background-repeat":"repeat","background-position":"center center","background-size":"auto","background-attachment":"scroll","background-type":"","background-media":"","overlay-type":"","overlay-color":"","overlay-opacity":"","overlay-gradient":""},"tablet":{"background-color":"var(--ast-global-color-5)","background-image":"","background-repeat":"repeat","background-position":"center center","background-size":"auto","background-attachment":"scroll","background-type":"","background-media":"","overlay-type":"","overlay-color":"","overlay-opacity":"","overlay-gradient":""},"mobile":{"background-color":"var(--ast-global-color-5)","background-image":"","background-repeat":"repeat","background-position":"center center","background-size":"auto","background-attachment":"scroll","background-type":"","background-media":"","overlay-type":"","overlay-color":"","overlay-opacity":"","overlay-gradient":""}},"footnotes":""},"class_list":["post-904","page","type-page","status-publish","hentry"],"yoast_head":"<!-- This site is optimized with the Yoast SEO plugin v27.4 - https:\/\/yoast.com\/product\/yoast-seo-wordpress\/ -->\n<title>Andrea&#039;s WebSolutions<\/title>\n<meta name=\"description\" content=\"Szenved\u00e9lyem a professzion\u00e1lis, vizu\u00e1lisan vonz\u00f3 \u00e9s felhaszn\u00e1l\u00f3bar\u00e1t weboldalak tervez\u00e9se, amelyek nemcsak eszt\u00e9tikusak, hanem hat\u00e9konyan t\u00e1mogatj\u00e1k \u00fcgyfeleim \u00fczleti c\u00e9ljait.\" \/>\n<meta name=\"robots\" content=\"index, follow, max-snippet:-1, max-image-preview:large, max-video-preview:-1\" \/>\n<link rel=\"canonical\" href=\"https:\/\/andreas-websolutions.com\/de\/kontakt\/\" \/>\n<meta property=\"og:locale\" content=\"de_DE\" \/>\n<meta property=\"og:type\" content=\"article\" \/>\n<meta property=\"og:title\" content=\"Andrea&#039;s WebSolutions\" \/>\n<meta property=\"og:description\" content=\"Szenved\u00e9lyem a professzion\u00e1lis, vizu\u00e1lisan vonz\u00f3 \u00e9s felhaszn\u00e1l\u00f3bar\u00e1t weboldalak tervez\u00e9se, amelyek nemcsak eszt\u00e9tikusak, hanem hat\u00e9konyan t\u00e1mogatj\u00e1k \u00fcgyfeleim \u00fczleti c\u00e9ljait.\" \/>\n<meta property=\"og:url\" content=\"https:\/\/andreas-websolutions.com\/de\/kontakt\/\" \/>\n<meta property=\"og:site_name\" content=\"Andreas WebSolutions\" \/>\n<meta property=\"article:publisher\" content=\"https:\/\/www.facebook.com\/profile.php?id=61564865729682\" \/>\n<meta property=\"article:modified_time\" content=\"2024-12-08T21:38:25+00:00\" \/>\n<meta property=\"og:image\" content=\"https:\/\/andreas-websolutions.com\/wp-content\/uploads\/2024\/08\/en.webp\" \/>\n\t<meta property=\"og:image:width\" content=\"1535\" \/>\n\t<meta property=\"og:image:height\" content=\"2126\" \/>\n\t<meta property=\"og:image:type\" content=\"image\/webp\" \/>\n<meta name=\"twitter:card\" content=\"summary_large_image\" \/>\n<meta name=\"twitter:label1\" content=\"Gesch\u00e4tzte Lesezeit\" \/>\n\t<meta name=\"twitter:data1\" content=\"1\u00a0Minute\" \/>\n<script type=\"application\/ld+json\" class=\"yoast-schema-graph\">{\"@context\":\"https:\\\/\\\/schema.org\",\"@graph\":[{\"@type\":\"WebPage\",\"@id\":\"https:\\\/\\\/andreas-websolutions.com\\\/kapcsolat\\\/\",\"url\":\"https:\\\/\\\/andreas-websolutions.com\\\/kapcsolat\\\/\",\"name\":\"Andrea's WebSolutions\",\"isPartOf\":{\"@id\":\"https:\\\/\\\/andreas-websolutions.com\\\/#website\"},\"primaryImageOfPage\":{\"@id\":\"https:\\\/\\\/andreas-websolutions.com\\\/kapcsolat\\\/#primaryimage\"},\"image\":{\"@id\":\"https:\\\/\\\/andreas-websolutions.com\\\/kapcsolat\\\/#primaryimage\"},\"thumbnailUrl\":\"https:\\\/\\\/andreas-websolutions.com\\\/wp-content\\\/uploads\\\/2024\\\/08\\\/kep1-1024x1022.webp\",\"datePublished\":\"2024-08-17T10:08:15+00:00\",\"dateModified\":\"2024-12-08T21:38:25+00:00\",\"description\":\"Szenved\u00e9lyem a professzion\u00e1lis, vizu\u00e1lisan vonz\u00f3 \u00e9s felhaszn\u00e1l\u00f3bar\u00e1t weboldalak tervez\u00e9se, amelyek nemcsak eszt\u00e9tikusak, hanem hat\u00e9konyan t\u00e1mogatj\u00e1k \u00fcgyfeleim \u00fczleti c\u00e9ljait.\",\"breadcrumb\":{\"@id\":\"https:\\\/\\\/andreas-websolutions.com\\\/kapcsolat\\\/#breadcrumb\"},\"inLanguage\":\"de\",\"potentialAction\":[{\"@type\":\"ReadAction\",\"target\":[\"https:\\\/\\\/andreas-websolutions.com\\\/kapcsolat\\\/\"]}]},{\"@type\":\"ImageObject\",\"inLanguage\":\"de\",\"@id\":\"https:\\\/\\\/andreas-websolutions.com\\\/kapcsolat\\\/#primaryimage\",\"url\":\"https:\\\/\\\/andreas-websolutions.com\\\/wp-content\\\/uploads\\\/2024\\\/08\\\/kep1-1024x1022.webp\",\"contentUrl\":\"https:\\\/\\\/andreas-websolutions.com\\\/wp-content\\\/uploads\\\/2024\\\/08\\\/kep1-1024x1022.webp\"},{\"@type\":\"BreadcrumbList\",\"@id\":\"https:\\\/\\\/andreas-websolutions.com\\\/kapcsolat\\\/#breadcrumb\",\"itemListElement\":[{\"@type\":\"ListItem\",\"position\":1,\"name\":\"Kezd\u0151lap\",\"item\":\"https:\\\/\\\/andreas-websolutions.com\\\/\"},{\"@type\":\"ListItem\",\"position\":2,\"name\":\"Kapcsolat\"}]},{\"@type\":\"WebSite\",\"@id\":\"https:\\\/\\\/andreas-websolutions.com\\\/#website\",\"url\":\"https:\\\/\\\/andreas-websolutions.com\\\/\",\"name\":\"Andreas WebSolutions\",\"description\":\"Pofesszion\u00e1lis Online Megold\u00e1sok\",\"publisher\":{\"@id\":\"https:\\\/\\\/andreas-websolutions.com\\\/#organization\"},\"potentialAction\":[{\"@type\":\"SearchAction\",\"target\":{\"@type\":\"EntryPoint\",\"urlTemplate\":\"https:\\\/\\\/andreas-websolutions.com\\\/?s={search_term_string}\"},\"query-input\":{\"@type\":\"PropertyValueSpecification\",\"valueRequired\":true,\"valueName\":\"search_term_string\"}}],\"inLanguage\":\"de\"},{\"@type\":\"Organization\",\"@id\":\"https:\\\/\\\/andreas-websolutions.com\\\/#organization\",\"name\":\"Andreas WebSolutions\",\"url\":\"https:\\\/\\\/andreas-websolutions.com\\\/\",\"logo\":{\"@type\":\"ImageObject\",\"inLanguage\":\"de\",\"@id\":\"https:\\\/\\\/andreas-websolutions.com\\\/#\\\/schema\\\/logo\\\/image\\\/\",\"url\":\"https:\\\/\\\/andreas-websolutions.com\\\/wp-content\\\/uploads\\\/2024\\\/08\\\/logonagy.webp\",\"contentUrl\":\"https:\\\/\\\/andreas-websolutions.com\\\/wp-content\\\/uploads\\\/2024\\\/08\\\/logonagy.webp\",\"width\":1500,\"height\":1500,\"caption\":\"Andreas WebSolutions\"},\"image\":{\"@id\":\"https:\\\/\\\/andreas-websolutions.com\\\/#\\\/schema\\\/logo\\\/image\\\/\"},\"sameAs\":[\"https:\\\/\\\/www.facebook.com\\\/profile.php?id=61564865729682\"]}]}<\/script>\n<!-- \/ Yoast SEO plugin. -->","yoast_head_json":{"title":"Andrea's WebSolutions","description":"Meine Leidenschaft gilt der Gestaltung professioneller, optisch ansprechender und benutzerfreundlicher Websites, die nicht nur \u00e4sthetisch ansprechend sind, sondern auch die Gesch\u00e4ftsziele meiner Kunden effektiv unterst\u00fctzen.","robots":{"index":"index","follow":"follow","max-snippet":"max-snippet:-1","max-image-preview":"max-image-preview:large","max-video-preview":"max-video-preview:-1"},"canonical":"https:\/\/andreas-websolutions.com\/de\/kontakt\/","og_locale":"de_DE","og_type":"article","og_title":"Andrea's WebSolutions","og_description":"Szenved\u00e9lyem a professzion\u00e1lis, vizu\u00e1lisan vonz\u00f3 \u00e9s felhaszn\u00e1l\u00f3bar\u00e1t weboldalak tervez\u00e9se, amelyek nemcsak eszt\u00e9tikusak, hanem hat\u00e9konyan t\u00e1mogatj\u00e1k \u00fcgyfeleim \u00fczleti c\u00e9ljait.","og_url":"https:\/\/andreas-websolutions.com\/de\/kontakt\/","og_site_name":"Andreas WebSolutions","article_publisher":"https:\/\/www.facebook.com\/profile.php?id=61564865729682","article_modified_time":"2024-12-08T21:38:25+00:00","og_image":[{"width":1535,"height":2126,"url":"https:\/\/andreas-websolutions.com\/wp-content\/uploads\/2024\/08\/en.webp","type":"image\/webp"}],"twitter_card":"summary_large_image","twitter_misc":{"Gesch\u00e4tzte Lesezeit":"1\u00a0Minute"},"schema":{"@context":"https:\/\/schema.org","@graph":[{"@type":"WebPage","@id":"https:\/\/andreas-websolutions.com\/kapcsolat\/","url":"https:\/\/andreas-websolutions.com\/kapcsolat\/","name":"Andrea's WebSolutions","isPartOf":{"@id":"https:\/\/andreas-websolutions.com\/#website"},"primaryImageOfPage":{"@id":"https:\/\/andreas-websolutions.com\/kapcsolat\/#primaryimage"},"image":{"@id":"https:\/\/andreas-websolutions.com\/kapcsolat\/#primaryimage"},"thumbnailUrl":"https:\/\/andreas-websolutions.com\/wp-content\/uploads\/2024\/08\/kep1-1024x1022.webp","datePublished":"2024-08-17T10:08:15+00:00","dateModified":"2024-12-08T21:38:25+00:00","description":"Meine Leidenschaft gilt der Gestaltung professioneller, optisch ansprechender und benutzerfreundlicher Websites, die nicht nur \u00e4sthetisch ansprechend sind, sondern auch die Gesch\u00e4ftsziele meiner Kunden effektiv unterst\u00fctzen.","breadcrumb":{"@id":"https:\/\/andreas-websolutions.com\/kapcsolat\/#breadcrumb"},"inLanguage":"de","potentialAction":[{"@type":"ReadAction","target":["https:\/\/andreas-websolutions.com\/kapcsolat\/"]}]},{"@type":"ImageObject","inLanguage":"de","@id":"https:\/\/andreas-websolutions.com\/kapcsolat\/#primaryimage","url":"https:\/\/andreas-websolutions.com\/wp-content\/uploads\/2024\/08\/kep1-1024x1022.webp","contentUrl":"https:\/\/andreas-websolutions.com\/wp-content\/uploads\/2024\/08\/kep1-1024x1022.webp"},{"@type":"BreadcrumbList","@id":"https:\/\/andreas-websolutions.com\/kapcsolat\/#breadcrumb","itemListElement":[{"@type":"ListItem","position":1,"name":"Kezd\u0151lap","item":"https:\/\/andreas-websolutions.com\/"},{"@type":"ListItem","position":2,"name":"Kapcsolat"}]},{"@type":"WebSite","@id":"https:\/\/andreas-websolutions.com\/#website","url":"https:\/\/andreas-websolutions.com\/","name":"Andreas WebSolutions","description":"Professionelle Online-L\u00f6sungen","publisher":{"@id":"https:\/\/andreas-websolutions.com\/#organization"},"potentialAction":[{"@type":"SearchAction","target":{"@type":"EntryPoint","urlTemplate":"https:\/\/andreas-websolutions.com\/?s={search_term_string}"},"query-input":{"@type":"PropertyValueSpecification","valueRequired":true,"valueName":"search_term_string"}}],"inLanguage":"de"},{"@type":"Organization","@id":"https:\/\/andreas-websolutions.com\/#organization","name":"Andreas WebSolutions","url":"https:\/\/andreas-websolutions.com\/","logo":{"@type":"ImageObject","inLanguage":"de","@id":"https:\/\/andreas-websolutions.com\/#\/schema\/logo\/image\/","url":"https:\/\/andreas-websolutions.com\/wp-content\/uploads\/2024\/08\/logonagy.webp","contentUrl":"https:\/\/andreas-websolutions.com\/wp-content\/uploads\/2024\/08\/logonagy.webp","width":1500,"height":1500,"caption":"Andreas WebSolutions"},"image":{"@id":"https:\/\/andreas-websolutions.com\/#\/schema\/logo\/image\/"},"sameAs":["https:\/\/www.facebook.com\/profile.php?id=61564865729682"]}]}},"jetpack_sharing_enabled":true,"_links":{"self":[{"href":"https:\/\/andreas-websolutions.com\/de\/wp-json\/wp\/v2\/pages\/904","targetHints":{"allow":["GET"]}}],"collection":[{"href":"https:\/\/andreas-websolutions.com\/de\/wp-json\/wp\/v2\/pages"}],"about":[{"href":"https:\/\/andreas-websolutions.com\/de\/wp-json\/wp\/v2\/types\/page"}],"author":[{"embeddable":true,"href":"https:\/\/andreas-websolutions.com\/de\/wp-json\/wp\/v2\/users\/1"}],"replies":[{"embeddable":true,"href":"https:\/\/andreas-websolutions.com\/de\/wp-json\/wp\/v2\/comments?post=904"}],"version-history":[{"count":44,"href":"https:\/\/andreas-websolutions.com\/de\/wp-json\/wp\/v2\/pages\/904\/revisions"}],"predecessor-version":[{"id":4358,"href":"https:\/\/andreas-websolutions.com\/de\/wp-json\/wp\/v2\/pages\/904\/revisions\/4358"}],"wp:attachment":[{"href":"https:\/\/andreas-websolutions.com\/de\/wp-json\/wp\/v2\/media?parent=904"}],"curies":[{"name":"wp","href":"https:\/\/api.w.org\/{rel}","templated":true}]}}